{"id":3348,"date":"2021-07-28T13:32:11","date_gmt":"2021-07-28T11:32:11","guid":{"rendered":"https:\/\/www.wilde-lelieu.com\/legal-notices\/"},"modified":"2024-11-29T16:29:48","modified_gmt":"2024-11-29T15:29:48","slug":"legal-notices","status":"publish","type":"page","link":"https:\/\/www.wilde-lelieu.com\/en\/legal-notices\/","title":{"rendered":"Legal Notices"},"content":{"rendered":"\t\t<div data-elementor-type=\"wp-page\" data-elementor-id=\"3348\" class=\"elementor elementor-3348 elementor-3\" data-elementor-post-type=\"page\">\n\t\t\t\t\t\t<section class=\"elementor-section elementor-top-section elementor-element elementor-element-324ff024 elementor-section-boxed elementor-section-height-default elementor-section-height-default\" data-id=\"324ff024\" data-element_type=\"section\" data-e-type=\"section\">\n\t\t\t\t\t\t<div class=\"elementor-container elementor-column-gap-default\">\n\t\t\t\t\t<div class=\"elementor-column elementor-col-100 elementor-top-column elementor-element elementor-element-4b274fc9\" data-id=\"4b274fc9\" data-element_type=\"column\" data-e-type=\"column\">\n\t\t\t<div class=\"elementor-widget-wrap elementor-element-populated\">\n\t\t\t\t\t\t<div class=\"elementor-element elementor-element-7d2ef20 elementor-widget elementor-widget-heading\" data-id=\"7d2ef20\" data-element_type=\"widget\" data-e-type=\"widget\" data-widget_type=\"heading.default\">\n\t\t\t\t<div class=\"elementor-widget-container\">\n\t\t\t\t\t<h1 class=\"elementor-heading-title elementor-size-default\">Legal Notices<\/h1>\t\t\t\t<\/div>\n\t\t\t\t<\/div>\n\t\t\t\t<div class=\"elementor-element elementor-element-87a3178 elementor-widget elementor-widget-heading\" data-id=\"87a3178\" data-element_type=\"widget\" data-e-type=\"widget\" data-widget_type=\"heading.default\">\n\t\t\t\t<div class=\"elementor-widget-container\">\n\t\t\t\t\t<h2 class=\"elementor-heading-title elementor-size-default\">Publisher<\/h2>\t\t\t\t<\/div>\n\t\t\t\t<\/div>\n\t\t\t\t<div class=\"elementor-element elementor-element-1642e524 elementor-widget elementor-widget-text-editor\" data-id=\"1642e524\" data-element_type=\"widget\" data-e-type=\"widget\" data-widget_type=\"text-editor.default\">\n\t\t\t\t<div class=\"elementor-widget-container\">\n\t\t\t\t\t\t\t\t\tThe https:\/\/www.wilde-lelieu.com website (hereinafter referred to as the &#8220;Site&#8221;) is published by Impact Positif &amp; Co, a soci\u00e9t\u00e9 \u00e0 responsabilit\u00e9 limit\u00e9e \u00e0 associ\u00e9 unique with share capital of 1,000 euros, headquartered at 48, rue du Chevalier de la Barre, 75018 Paris, registered with the Paris Trade and Companies Registry under no. 824 085 724. Telephone number: +33 (0) 6 14 96 73 09; contact@wilde-lelieu.com.\t\t\t\t\t\t\t\t<\/div>\n\t\t\t\t<\/div>\n\t\t\t\t<div class=\"elementor-element elementor-element-6b8e133 elementor-widget elementor-widget-heading\" data-id=\"6b8e133\" data-element_type=\"widget\" data-e-type=\"widget\" data-widget_type=\"heading.default\">\n\t\t\t\t<div class=\"elementor-widget-container\">\n\t\t\t\t\t<h2 class=\"elementor-heading-title elementor-size-default\">Publishing Director<\/h2>\t\t\t\t<\/div>\n\t\t\t\t<\/div>\n\t\t\t\t<div class=\"elementor-element elementor-element-bb4459c elementor-widget elementor-widget-text-editor\" data-id=\"bb4459c\" data-element_type=\"widget\" data-e-type=\"widget\" data-widget_type=\"text-editor.default\">\n\t\t\t\t<div class=\"elementor-widget-container\">\n\t\t\t\t\t\t\t\t\t<p>The Site&#8217;s publication director is Florent MABILAT, legal representative of Impact Positif &amp; Co.<\/p>\n\t\t\t\t\t\t\t\t<\/div>\n\t\t\t\t<\/div>\n\t\t\t\t<div class=\"elementor-element elementor-element-dac8339 elementor-widget elementor-widget-heading\" data-id=\"dac8339\" data-element_type=\"widget\" data-e-type=\"widget\" data-widget_type=\"heading.default\">\n\t\t\t\t<div class=\"elementor-widget-container\">\n\t\t\t\t\t<h2 class=\"elementor-heading-title elementor-size-default\">Host<\/h2>\t\t\t\t<\/div>\n\t\t\t\t<\/div>\n\t\t\t\t<div class=\"elementor-element elementor-element-3ace27f elementor-widget elementor-widget-text-editor\" data-id=\"3ace27f\" data-element_type=\"widget\" data-e-type=\"widget\" data-widget_type=\"text-editor.default\">\n\t\t\t\t<div class=\"elementor-widget-container\">\n\t\t\t\t\t\t\t\t\t<p>The Website is hosted by the company o2Switch, headquartered at:<\/p>\n<p>222-224 Boulevard Gustave Flaubert<br>63000 Clermont-Ferrand<br>Telephone number: +33 (0) 4 44 44 60 40 .  <\/p>\t\t\t\t\t\t\t\t<\/div>\n\t\t\t\t<\/div>\n\t\t\t\t<div class=\"elementor-element elementor-element-3b91797 elementor-widget elementor-widget-spacer\" data-id=\"3b91797\" data-element_type=\"widget\" data-e-type=\"widget\" data-widget_type=\"spacer.default\">\n\t\t\t\t<div class=\"elementor-widget-container\">\n\t\t\t\t\t\t\t<div class=\"elementor-spacer\">\n\t\t\t<div class=\"elementor-spacer-inner\"><\/div>\n\t\t<\/div>\n\t\t\t\t\t\t<\/div>\n\t\t\t\t<\/div>\n\t\t\t\t\t<\/div>\n\t\t<\/div>\n\t\t\t\t\t<\/div>\n\t\t<\/section>\n\t\t\t\t<\/div>\n\t\t","protected":false},"excerpt":{"rendered":"<p>Legal Notices Publisher The https:\/\/www.wilde-lelieu.com website (hereinafter referred to as the &#8220;Site&#8221;) is published by Impact Positif &amp; Co, a soci\u00e9t\u00e9 \u00e0 responsabilit\u00e9 limit\u00e9e \u00e0 [&hellip;]<\/p>\n","protected":false},"author":6,"featured_media":6518,"parent":0,"menu_order":0,"comment_status":"closed","ping_status":"open","template":"","meta":{"inline_featured_image":false,"_monsterinsights_skip_tracking":false,"_monsterinsights_sitenote_active":false,"_monsterinsights_sitenote_note":"","_monsterinsights_sitenote_category":0,"site-sidebar-layout":"default","site-content-layout":"","ast-site-content-layout":"default","site-content-style":"default","site-sidebar-style":"default","ast-global-header-display":"","ast-banner-title-visibility":"","ast-main-header-display":"","ast-hfb-above-header-display":"","ast-hfb-below-header-display":"","ast-hfb-mobile-header-display":"","site-post-title":"","ast-breadcrumbs-content":"","ast-featured-img":"","footer-sml-layout":"","ast-disable-related-posts":"","theme-transparent-header-meta":"default","adv-header-id-meta":"","stick-header-meta":"default","header-above-stick-meta":"","header-main-stick-meta":"","header-below-stick-meta":"","astra-migrate-meta-layouts":"default","ast-page-background-enabled":"default","ast-page-background-meta":{"desktop":{"background-color":"","background-image":"","background-repeat":"repeat","background-position":"center center","background-size":"auto","background-attachment":"scroll","background-type":"","background-media":"","overlay-type":"","overlay-color":"","overlay-opacity":"","overlay-gradient":""},"tablet":{"background-color":"","background-image":"","background-repeat":"repeat","background-position":"center center","background-size":"auto","background-attachment":"scroll","background-type":"","background-media":"","overlay-type":"","overlay-color":"","overlay-opacity":"","overlay-gradient":""},"mobile":{"background-color":"","background-image":"","background-repeat":"repeat","background-position":"center center","background-size":"auto","background-attachment":"scroll","background-type":"","background-media":"","overlay-type":"","overlay-color":"","overlay-opacity":"","overlay-gradient":""}},"ast-content-background-meta":{"desktop":{"background-color":"var(--ast-global-color-5)","background-image":"","background-repeat":"repeat","background-position":"center center","background-size":"auto","background-attachment":"scroll","background-type":"","background-media":"","overlay-type":"","overlay-color":"","overlay-opacity":"","overlay-gradient":""},"tablet":{"background-color":"var(--ast-global-color-5)","background-image":"","background-repeat":"repeat","background-position":"center center","background-size":"auto","background-attachment":"scroll","background-type":"","background-media":"","overlay-type":"","overlay-color":"","overlay-opacity":"","overlay-gradient":""},"mobile":{"background-color":"var(--ast-global-color-5)","background-image":"","background-repeat":"repeat","background-position":"center center","background-size":"auto","background-attachment":"scroll","background-type":"","background-media":"","overlay-type":"","overlay-color":"","overlay-opacity":"","overlay-gradient":""}},"footnotes":""},"class_list":["post-3348","page","type-page","status-publish","has-post-thumbnail","hentry"],"yoast_head":"<!-- This site is optimized with the Yoast SEO plugin v27.4 - https:\/\/yoast.com\/product\/yoast-seo-wordpress\/ -->\n<title>Legal Notices - Wilde Le Lieu<\/title>\n<meta name=\"description\" content=\"Please refer to our legal notice for any question regarding the ownership of our website and its hosting.\" \/>\n<meta name=\"robots\" content=\"index, follow, max-snippet:-1, max-image-preview:large, max-video-preview:-1\" \/>\n<link rel=\"canonical\" href=\"https:\/\/www.wilde-lelieu.com\/en\/legal-notices\/\" \/>\n<meta property=\"og:locale\" content=\"en_US\" \/>\n<meta property=\"og:type\" content=\"article\" \/>\n<meta property=\"og:title\" content=\"Legal Notices - Wilde Le Lieu\" \/>\n<meta property=\"og:description\" content=\"Please refer to our legal notice for any question regarding the ownership of our website and its hosting.\" \/>\n<meta property=\"og:url\" content=\"https:\/\/www.wilde-lelieu.com\/en\/legal-notices\/\" \/>\n<meta property=\"og:site_name\" content=\"Wilde Le Lieu - Paris\" \/>\n<meta property=\"article:publisher\" content=\"https:\/\/www.facebook.com\/wildelelieu\" \/>\n<meta property=\"article:modified_time\" content=\"2024-11-29T15:29:48+00:00\" \/>\n<meta property=\"og:image\" content=\"https:\/\/www.wilde-lelieu.com\/wp-content\/uploads\/WILDE-LE-LIEU-Facade-principale.jpg\" \/>\n\t<meta property=\"og:image:width\" content=\"1600\" \/>\n\t<meta property=\"og:image:height\" content=\"1280\" \/>\n\t<meta property=\"og:image:type\" content=\"image\/jpeg\" \/>\n<meta name=\"twitter:card\" content=\"summary_large_image\" \/>\n<script type=\"application\/ld+json\" class=\"yoast-schema-graph\">{\"@context\":\"https:\\\/\\\/schema.org\",\"@graph\":[{\"@type\":\"WebPage\",\"@id\":\"https:\\\/\\\/www.wilde-lelieu.com\\\/en\\\/legal-notices\\\/\",\"url\":\"https:\\\/\\\/www.wilde-lelieu.com\\\/en\\\/legal-notices\\\/\",\"name\":\"Legal Notices - Wilde Le Lieu\",\"isPartOf\":{\"@id\":\"https:\\\/\\\/www.wilde-lelieu.com\\\/en\\\/#website\"},\"primaryImageOfPage\":{\"@id\":\"https:\\\/\\\/www.wilde-lelieu.com\\\/en\\\/legal-notices\\\/#primaryimage\"},\"image\":{\"@id\":\"https:\\\/\\\/www.wilde-lelieu.com\\\/en\\\/legal-notices\\\/#primaryimage\"},\"thumbnailUrl\":\"https:\\\/\\\/www.wilde-lelieu.com\\\/wp-content\\\/uploads\\\/WILDE-LE-LIEU-Facade-principale.jpg\",\"datePublished\":\"2021-07-28T11:32:11+00:00\",\"dateModified\":\"2024-11-29T15:29:48+00:00\",\"description\":\"Please refer to our legal notice for any question regarding the ownership of our website and its hosting.\",\"breadcrumb\":{\"@id\":\"https:\\\/\\\/www.wilde-lelieu.com\\\/en\\\/legal-notices\\\/#breadcrumb\"},\"inLanguage\":\"en-US\",\"potentialAction\":[{\"@type\":\"ReadAction\",\"target\":[\"https:\\\/\\\/www.wilde-lelieu.com\\\/en\\\/legal-notices\\\/\"]}]},{\"@type\":\"ImageObject\",\"inLanguage\":\"en-US\",\"@id\":\"https:\\\/\\\/www.wilde-lelieu.com\\\/en\\\/legal-notices\\\/#primaryimage\",\"url\":\"https:\\\/\\\/www.wilde-lelieu.com\\\/wp-content\\\/uploads\\\/WILDE-LE-LIEU-Facade-principale.jpg\",\"contentUrl\":\"https:\\\/\\\/www.wilde-lelieu.com\\\/wp-content\\\/uploads\\\/WILDE-LE-LIEU-Facade-principale.jpg\",\"width\":1600,\"height\":1280,\"caption\":\"wilde le lieu - fa\u00e7ade rue Fran\u00e7ois Miron - night view\"},{\"@type\":\"BreadcrumbList\",\"@id\":\"https:\\\/\\\/www.wilde-lelieu.com\\\/en\\\/legal-notices\\\/#breadcrumb\",\"itemListElement\":[{\"@type\":\"ListItem\",\"position\":1,\"name\":\"Accueil\",\"item\":\"https:\\\/\\\/www.wilde-lelieu.com\\\/en\\\/home-wilde-le-lieu\\\/\"},{\"@type\":\"ListItem\",\"position\":2,\"name\":\"Legal Notices\"}]},{\"@type\":\"WebSite\",\"@id\":\"https:\\\/\\\/www.wilde-lelieu.com\\\/en\\\/#website\",\"url\":\"https:\\\/\\\/www.wilde-lelieu.com\\\/en\\\/\",\"name\":\"wilde - le lieu d'art \u00e0 Paris - le Marais\",\"description\":\"Showroom \u00e0 Paris, Le Marais\",\"publisher\":{\"@id\":\"https:\\\/\\\/www.wilde-lelieu.com\\\/en\\\/#organization\"},\"potentialAction\":[{\"@type\":\"SearchAction\",\"target\":{\"@type\":\"EntryPoint\",\"urlTemplate\":\"https:\\\/\\\/www.wilde-lelieu.com\\\/en\\\/?s={search_term_string}\"},\"query-input\":{\"@type\":\"PropertyValueSpecification\",\"valueRequired\":true,\"valueName\":\"search_term_string\"}}],\"inLanguage\":\"en-US\"},{\"@type\":\"Organization\",\"@id\":\"https:\\\/\\\/www.wilde-lelieu.com\\\/en\\\/#organization\",\"name\":\"WILDE - le lieu d'art \u00e0 Paris - le Marais\",\"url\":\"https:\\\/\\\/www.wilde-lelieu.com\\\/en\\\/\",\"logo\":{\"@type\":\"ImageObject\",\"inLanguage\":\"en-US\",\"@id\":\"https:\\\/\\\/www.wilde-lelieu.com\\\/en\\\/#\\\/schema\\\/logo\\\/image\\\/\",\"url\":\"https:\\\/\\\/www.wilde-lelieu.com\\\/wp-content\\\/uploads\\\/logo_wilde_02.svg\",\"contentUrl\":\"https:\\\/\\\/www.wilde-lelieu.com\\\/wp-content\\\/uploads\\\/logo_wilde_02.svg\",\"width\":2816,\"height\":1135,\"caption\":\"WILDE - le lieu d'art \u00e0 Paris - le Marais\"},\"image\":{\"@id\":\"https:\\\/\\\/www.wilde-lelieu.com\\\/en\\\/#\\\/schema\\\/logo\\\/image\\\/\"},\"sameAs\":[\"https:\\\/\\\/www.facebook.com\\\/wildelelieu\",\"https:\\\/\\\/www.instagram.com\\\/wildelelieu\\\/\",\"https:\\\/\\\/www.linkedin.com\\\/company\\\/wilde-le-lieu\\\/about\\\/\"]}]}<\/script>\n<!-- \/ Yoast SEO plugin. -->","yoast_head_json":{"title":"Legal Notices - Wilde Le Lieu","description":"Please refer to our legal notice for any question regarding the ownership of our website and its hosting.","robots":{"index":"index","follow":"follow","max-snippet":"max-snippet:-1","max-image-preview":"max-image-preview:large","max-video-preview":"max-video-preview:-1"},"canonical":"https:\/\/www.wilde-lelieu.com\/en\/legal-notices\/","og_locale":"en_US","og_type":"article","og_title":"Legal Notices - Wilde Le Lieu","og_description":"Please refer to our legal notice for any question regarding the ownership of our website and its hosting.","og_url":"https:\/\/www.wilde-lelieu.com\/en\/legal-notices\/","og_site_name":"Wilde Le Lieu - Paris","article_publisher":"https:\/\/www.facebook.com\/wildelelieu","article_modified_time":"2024-11-29T15:29:48+00:00","og_image":[{"width":1600,"height":1280,"url":"https:\/\/www.wilde-lelieu.com\/wp-content\/uploads\/WILDE-LE-LIEU-Facade-principale.jpg","type":"image\/jpeg"}],"twitter_card":"summary_large_image","schema":{"@context":"https:\/\/schema.org","@graph":[{"@type":"WebPage","@id":"https:\/\/www.wilde-lelieu.com\/en\/legal-notices\/","url":"https:\/\/www.wilde-lelieu.com\/en\/legal-notices\/","name":"Legal Notices - Wilde Le Lieu","isPartOf":{"@id":"https:\/\/www.wilde-lelieu.com\/en\/#website"},"primaryImageOfPage":{"@id":"https:\/\/www.wilde-lelieu.com\/en\/legal-notices\/#primaryimage"},"image":{"@id":"https:\/\/www.wilde-lelieu.com\/en\/legal-notices\/#primaryimage"},"thumbnailUrl":"https:\/\/www.wilde-lelieu.com\/wp-content\/uploads\/WILDE-LE-LIEU-Facade-principale.jpg","datePublished":"2021-07-28T11:32:11+00:00","dateModified":"2024-11-29T15:29:48+00:00","description":"Please refer to our legal notice for any question regarding the ownership of our website and its hosting.","breadcrumb":{"@id":"https:\/\/www.wilde-lelieu.com\/en\/legal-notices\/#breadcrumb"},"inLanguage":"en-US","potentialAction":[{"@type":"ReadAction","target":["https:\/\/www.wilde-lelieu.com\/en\/legal-notices\/"]}]},{"@type":"ImageObject","inLanguage":"en-US","@id":"https:\/\/www.wilde-lelieu.com\/en\/legal-notices\/#primaryimage","url":"https:\/\/www.wilde-lelieu.com\/wp-content\/uploads\/WILDE-LE-LIEU-Facade-principale.jpg","contentUrl":"https:\/\/www.wilde-lelieu.com\/wp-content\/uploads\/WILDE-LE-LIEU-Facade-principale.jpg","width":1600,"height":1280,"caption":"wilde le lieu - fa\u00e7ade rue Fran\u00e7ois Miron - night view"},{"@type":"BreadcrumbList","@id":"https:\/\/www.wilde-lelieu.com\/en\/legal-notices\/#breadcrumb","itemListElement":[{"@type":"ListItem","position":1,"name":"Accueil","item":"https:\/\/www.wilde-lelieu.com\/en\/home-wilde-le-lieu\/"},{"@type":"ListItem","position":2,"name":"Legal Notices"}]},{"@type":"WebSite","@id":"https:\/\/www.wilde-lelieu.com\/en\/#website","url":"https:\/\/www.wilde-lelieu.com\/en\/","name":"wilde - le lieu d'art \u00e0 Paris - le Marais","description":"Showroom \u00e0 Paris, Le Marais","publisher":{"@id":"https:\/\/www.wilde-lelieu.com\/en\/#organization"},"potentialAction":[{"@type":"SearchAction","target":{"@type":"EntryPoint","urlTemplate":"https:\/\/www.wilde-lelieu.com\/en\/?s={search_term_string}"},"query-input":{"@type":"PropertyValueSpecification","valueRequired":true,"valueName":"search_term_string"}}],"inLanguage":"en-US"},{"@type":"Organization","@id":"https:\/\/www.wilde-lelieu.com\/en\/#organization","name":"WILDE - le lieu d'art \u00e0 Paris - le Marais","url":"https:\/\/www.wilde-lelieu.com\/en\/","logo":{"@type":"ImageObject","inLanguage":"en-US","@id":"https:\/\/www.wilde-lelieu.com\/en\/#\/schema\/logo\/image\/","url":"https:\/\/www.wilde-lelieu.com\/wp-content\/uploads\/logo_wilde_02.svg","contentUrl":"https:\/\/www.wilde-lelieu.com\/wp-content\/uploads\/logo_wilde_02.svg","width":2816,"height":1135,"caption":"WILDE - le lieu d'art \u00e0 Paris - le Marais"},"image":{"@id":"https:\/\/www.wilde-lelieu.com\/en\/#\/schema\/logo\/image\/"},"sameAs":["https:\/\/www.facebook.com\/wildelelieu","https:\/\/www.instagram.com\/wildelelieu\/","https:\/\/www.linkedin.com\/company\/wilde-le-lieu\/about\/"]}]}},"_links":{"self":[{"href":"https:\/\/www.wilde-lelieu.com\/en\/wp-json\/wp\/v2\/pages\/3348","targetHints":{"allow":["GET"]}}],"collection":[{"href":"https:\/\/www.wilde-lelieu.com\/en\/wp-json\/wp\/v2\/pages"}],"about":[{"href":"https:\/\/www.wilde-lelieu.com\/en\/wp-json\/wp\/v2\/types\/page"}],"author":[{"embeddable":true,"href":"https:\/\/www.wilde-lelieu.com\/en\/wp-json\/wp\/v2\/users\/6"}],"replies":[{"embeddable":true,"href":"https:\/\/www.wilde-lelieu.com\/en\/wp-json\/wp\/v2\/comments?post=3348"}],"version-history":[{"count":4,"href":"https:\/\/www.wilde-lelieu.com\/en\/wp-json\/wp\/v2\/pages\/3348\/revisions"}],"predecessor-version":[{"id":9223,"href":"https:\/\/www.wilde-lelieu.com\/en\/wp-json\/wp\/v2\/pages\/3348\/revisions\/9223"}],"wp:featuredmedia":[{"embeddable":true,"href":"https:\/\/www.wilde-lelieu.com\/en\/wp-json\/wp\/v2\/media\/6518"}],"wp:attachment":[{"href":"https:\/\/www.wilde-lelieu.com\/en\/wp-json\/wp\/v2\/media?parent=3348"}],"curies":[{"name":"wp","href":"https:\/\/api.w.org\/{rel}","templated":true}]}}